{"id":3476,"date":"2025-07-04T16:42:56","date_gmt":"2025-07-04T14:42:56","guid":{"rendered":"https:\/\/www.ktoproduccions.com\/?page_id=3476"},"modified":"2025-09-09T11:11:27","modified_gmt":"2025-09-09T09:11:27","slug":"edicio-digital","status":"publish","type":"page","link":"https:\/\/www.ktoproduccions.com\/cat\/edicio-digital\/","title":{"rendered":"Edici\u00f3 Digital"},"content":{"rendered":"\t\t<div data-elementor-type=\"wp-page\" data-elementor-id=\"3476\" class=\"elementor elementor-3476\" data-elementor-post-type=\"page\">\n\t\t\t\t<div class=\"elementor-element elementor-element-38e39d5 e-flex e-con-boxed e-con e-parent\" data-id=\"38e39d5\" data-element_type=\"container\" data-settings=\"{&quot;background_background&quot;:&quot;classic&quot;}\">\n\t\t\t\t\t<div class=\"e-con-inner\">\n\t\t\t\t<div class=\"elementor-element elementor-element-70a797b elementor-widget elementor-widget-heading\" data-id=\"70a797b\" data-element_type=\"widget\" data-widget_type=\"heading.default\">\n\t\t\t\t\t<h1 class=\"elementor-heading-title elementor-size-default\">Muntatge de v\u00eddeos i edici\u00f3 audiovisual<\/h1>\t\t\t\t<\/div>\n\t\t\t\t<div class=\"elementor-element elementor-element-a67f49d elementor-widget elementor-widget-heading\" data-id=\"a67f49d\" data-element_type=\"widget\" data-widget_type=\"heading.default\">\n\t\t\t\t\t<p class=\"elementor-heading-title elementor-size-default\">Editar un v\u00eddeo \u00e9s molt m\u00e9s que tallar i endre\u00e7ar imatges. \u00c9s donar forma a una idea, estructurar un missatge i treballar cada detall perqu\u00e8 el resultat final tingui sentit, ritme i personalitat.<\/p>\t\t\t\t<\/div>\n\t\t\t\t\t<\/div>\n\t\t\t\t<\/div>\n\t\t<div class=\"elementor-element elementor-element-259fd50 e-flex e-con-boxed e-con e-parent\" data-id=\"259fd50\" data-element_type=\"container\">\n\t\t\t\t\t<div class=\"e-con-inner\">\n\t\t\t\t<div class=\"elementor-element elementor-element-d8e5c6c elementor-widget elementor-widget-text-editor\" data-id=\"d8e5c6c\" data-element_type=\"widget\" data-widget_type=\"text-editor.default\">\n\t\t\t\t\t\t\t\t\tA KTO Produccions entenem el <b>muntatge audiovisual<\/b> com una part essencial de qualsevol projecte, no nom\u00e9s com una fase t\u00e8cnica, sin\u00f3 com un proc\u00e9s creatiu que defineix la qualitat del producte final.\n\nPer aix\u00f2, oferim un servei de <b>edici\u00f3 de v\u00eddeos a Lleida<\/b> i altres zones, pensat per a marques, institucions i professionals que busquen contingut cuidat, coherent i alineat amb la seva identitat. Ens encarreguem de transformar enregistraments en peces llestes per comunicar: des de v\u00eddeos corporatius fins a continguts promocionals o materials per a xarxes socials.\t\t\t\t\t\t\t\t<\/div>\n\t\t\t\t\t<\/div>\n\t\t\t\t<\/div>\n\t\t<div class=\"elementor-element elementor-element-ec63552 e-flex e-con-boxed e-con e-parent\" data-id=\"ec63552\" data-element_type=\"container\">\n\t\t\t\t\t<div class=\"e-con-inner\">\n\t\t\t\t<div class=\"elementor-element elementor-element-a0b74ce elementor-widget elementor-widget-heading\" data-id=\"a0b74ce\" data-element_type=\"widget\" data-widget_type=\"heading.default\">\n\t\t\t\t\t<h2 class=\"elementor-heading-title elementor-size-default\">Edici\u00f3 de v\u00eddeos a Andorra, Lleida i Barcelona<\/h2>\t\t\t\t<\/div>\n\t\t\t\t<div class=\"elementor-element elementor-element-8990088 elementor-widget elementor-widget-text-editor\" data-id=\"8990088\" data-element_type=\"widget\" data-widget_type=\"text-editor.default\">\n\t\t\t\t\t\t\t\t\tCada projecte t\u00e9 un ritme propi. Algunes peces requereixen agilitat i dinamisme; altres, una edici\u00f3 m\u00e9s pausada i narrativa. La nostra feina s&#8217;adapta a l&#8217;estil de cada client, tenint en compte el canal de difusi\u00f3 i el tipus de p\u00fablic.\n\nComptem amb eines d&#8217;edici\u00f3 personalitzada de v\u00eddeos, i treballem amb <b>programari professional<\/b> que ens permet aplicar transicions netes, integrar elements gr\u00e0fics, fer <b>correcci\u00f3 de color<\/b> i afegir <b>efectes de so<\/b> i m\u00fasica en funci\u00f3 del to de cada projecte.\n\nTamb\u00e9 oferim serveis de <b>subt\u00edtols<\/b>, retoc de veu i exportacions en diferents formats. Ja sigui per muntar un v\u00eddeo breu o editar un material m\u00e9s llarg, cuidem el detall des del primer tall fins al lliurament final.\n\nEl nostre equip treballa tant a <b>muntatge de v\u00eddeos a Barcelona<\/b> com a projectes a dist\u00e0ncia. Ens adaptem a diferents formes de treball: presencial, h\u00edbrid o completament en l\u00ednia, facilitant la revisi\u00f3 i aprovaci\u00f3 per part del client en cada etapa del proc\u00e9s.\t\t\t\t\t\t\t\t<\/div>\n\t\t\t\t<div class=\"elementor-element elementor-element-5229eaf elementor-widget elementor-widget-pelicula_core_accordion\" data-id=\"5229eaf\" data-element_type=\"widget\" data-widget_type=\"pelicula_core_accordion.default\">\n\t\t\t\t<div class=\"elementor-widget-container\">\n\t\t\t\t\t<div class=\"qodef-shortcode qodef-m acordeon qodef-accordion clear qodef-behavior--toggle qodef-layout--simple qodef-skin--dark\">\n\t<h2 class=\"qodef-accordion-title\">\n\t<span class=\"qodef-tab-title\">\n\t\tUn proc\u00e9s a mida\t<\/span>\n\t<span class=\"qodef-accordion-mark\">\n\t\t<span class=\"qodef-icon--plus icon_plus\"><\/span>\n\t\t<span class=\"qodef-icon--minus icon_close\"><\/span>\n\t<\/span>\n<\/h2>\n<div class=\"qodef-accordion-content\">\n\t<div class=\"qodef-accordion-content-inner\">\n\t\t<p>L'edici\u00f3 audiovisual comen\u00e7a molt abans del primer clic. Per nosaltres, \u00e9s clau entendre l'objectiu del v\u00eddeo, el to de la marca i com s'utilitzar\u00e0 el contingut. A partir d'aqu\u00ed organitzem el material, estructurem la narrativa i donem forma a la hist\u00f2ria.<\/p><p>El nostre equip <b>editor de v\u00eddeo<\/b> treballa m\u00e0 a m\u00e0 amb el client, des de la revisi\u00f3 de preses fins a la selecci\u00f3 de m\u00fasica i l'ajust de <b>efectes visuals<\/b>. Tot amb un enfocament pr\u00e0ctic i professional.<\/p><p>Alguns projectes requereixen tamb\u00e9 la integraci\u00f3 de <b>efectes especials<\/b>, disseny gr\u00e0fic o animacions. En aquests casos, valorem conjuntament les opcions m\u00e9s adequades segons l'objectiu i els terminis de lliurament.<\/p><p>Tamb\u00e9 oferim serveis complementaris com <strong>muntatge de v\u00eddeos corporatius<\/strong>, per als qui ja tenen material gravat per\u00f2 necessiten ajuda per ordenar-lo, estructurar-lo i finalitzar-lo de forma professional.<\/p>\t<\/div>\n<\/div><\/div>\t\t\t\t<\/div>\n\t\t\t\t<\/div>\n\t\t\t\t\t<\/div>\n\t\t\t\t<\/div>\n\t\t\t\t<section class=\"elementor-section elementor-top-section elementor-element elementor-element-f36e183 elementor-section-boxed elementor-section-height-default elementor-section-height-default qodef-elementor-content-no\" data-id=\"f36e183\" data-element_type=\"section\">\n\t\t\t\t\t\t<div class=\"elementor-container elementor-column-gap-no\">\n\t\t\t\t\t<div class=\"elementor-column elementor-col-50 elementor-top-column elementor-element elementor-element-ce060f0\" data-id=\"ce060f0\" data-element_type=\"column\">\n\t\t\t<div class=\"elementor-widget-wrap elementor-element-populated\">\n\t\t\t\t\t\t<div class=\"elementor-element elementor-element-49a892e elementor-widget elementor-widget-pelicula_core_section_title\" data-id=\"49a892e\" data-element_type=\"widget\" data-widget_type=\"pelicula_core_section_title.default\">\n\t\t\t\t<div class=\"elementor-widget-container\">\n\t\t\t\t\t<div class=\"qodef-shortcode qodef-m qodef-section-title qodef-alignment--right\" data-holder-options=\"{&quot;line-breaks&quot;:&quot;&quot;}\">\n\t\t    \t<h2 class=\"qodef-m-title\" >\n\t\t\tTransfer de cintes antigues\t<\/h2>\n    \t<\/div>\t\t\t\t<\/div>\n\t\t\t\t<\/div>\n\t\t\t\t<div class=\"elementor-element elementor-element-2e22749 elementor-widget elementor-widget-text-editor\" data-id=\"2e22749\" data-element_type=\"widget\" data-widget_type=\"text-editor.default\">\n\t\t\t\t\t\t\t\t\t<p>A m\u00e9s del tractament d&#8217;imatges fixes, a KTO Produccions tamb\u00e9 donem nova vida a records del passat. Si tens cintes de v\u00eddeo antigues \u2014VHS, MiniDV o similars\u2014 t&#8217;oferim el servei de <b>transfer\u00e8ncia a DVD<\/b> perqu\u00e8 no perdis aquests moments gravats fa anys.<\/p><p>Aquest treball es realitza amb cura i precisi\u00f3, respectant el contingut original i aplicant ajustaments de <strong>edici\u00f3 i muntatge de v\u00eddeos<\/strong>quan \u00e9s necessari.<\/p>\t\t\t\t\t\t\t\t<\/div>\n\t\t\t\t<div class=\"elementor-element elementor-element-e1c98ec elementor-widget elementor-widget-spacer\" data-id=\"e1c98ec\" data-element_type=\"widget\" data-widget_type=\"spacer.default\">\n\t\t\t\t\t\t\t<div class=\"elementor-spacer\">\n\t\t\t<div class=\"elementor-spacer-inner\"><\/div>\n\t\t<\/div>\n\t\t\t\t\t\t<\/div>\n\t\t\t\t\t<\/div>\n\t\t<\/div>\n\t\t\t\t<div class=\"elementor-column elementor-col-50 elementor-top-column elementor-element elementor-element-6c9b176\" data-id=\"6c9b176\" data-element_type=\"column\">\n\t\t\t<div class=\"elementor-widget-wrap elementor-element-populated\">\n\t\t\t\t\t\t<div class=\"elementor-element elementor-element-80a1ffa elementor-widget elementor-widget-image\" data-id=\"80a1ffa\" data-element_type=\"widget\" data-widget_type=\"image.default\">\n\t\t\t\t\t\t\t\t\t\t\t\t\t\t\t<img fetchpriority=\"high\" decoding=\"async\" width=\"836\" height=\"557\" src=\"https:\/\/www.ktoproduccions.com\/cat\/wp-content\/uploads\/2025\/07\/transfer_vhs.webp\" class=\"attachment-full size-full wp-image-3479\" alt=\"transfer vhs antiguas\" srcset=\"https:\/\/www.ktoproduccions.com\/cat\/wp-content\/uploads\/2025\/07\/transfer_vhs.webp 836w, https:\/\/www.ktoproduccions.com\/cat\/wp-content\/uploads\/2025\/07\/transfer_vhs-300x200.webp 300w, https:\/\/www.ktoproduccions.com\/cat\/wp-content\/uploads\/2025\/07\/transfer_vhs-768x512.webp 768w, https:\/\/www.ktoproduccions.com\/cat\/wp-content\/uploads\/2025\/07\/transfer_vhs-600x400.webp 600w\" sizes=\"(max-width: 836px) 100vw, 836px\" \/>\t\t\t\t\t\t\t\t\t\t\t\t\t\t\t<\/div>\n\t\t\t\t\t<\/div>\n\t\t<\/div>\n\t\t\t\t\t<\/div>\n\t\t<\/section>\n\t\t\t\t<section class=\"elementor-section elementor-top-section elementor-element elementor-element-0ab60c7 elementor-section-full_width qodef-elementor-content-grid elementor-section-height-default elementor-section-height-default\" data-id=\"0ab60c7\" data-element_type=\"section\">\n\t\t\t\t\t\t<div class=\"elementor-container elementor-column-gap-no\">\n\t\t\t\t\t<div class=\"elementor-column elementor-col-50 elementor-top-column elementor-element elementor-element-57b023f\" data-id=\"57b023f\" data-element_type=\"column\">\n\t\t\t<div class=\"elementor-widget-wrap elementor-element-populated\">\n\t\t\t\t\t\t<div class=\"elementor-element elementor-element-851ce1b elementor-widget elementor-widget-pelicula_core_section_title\" data-id=\"851ce1b\" data-element_type=\"widget\" data-widget_type=\"pelicula_core_section_title.default\">\n\t\t\t\t<div class=\"elementor-widget-container\">\n\t\t\t\t\t<div class=\"qodef-shortcode qodef-m qodef-section-title qodef-alignment--right\" data-holder-options=\"{&quot;line-breaks&quot;:&quot;&quot;}\">\n\t\t<h6 class=\"qodef-m-tagline\" style=\"color: #6D6D6D\">\n\t\tContacta'ns\t<\/h6>\n\t    \t<h2 class=\"qodef-m-title\" >\n\t\t\tPer qu\u00e8 escollir-nos?\t<\/h2>\n    \t\t<p class=\"qodef-m-text\" >Perqu\u00e8 els records no s&#039;haurien de perdre amb el temps, i conservar-los en formats actuals \u00e9s una manera d&#039;honrar-ne el valor.<\/p>\n<\/div>\t\t\t\t<\/div>\n\t\t\t\t<\/div>\n\t\t\t\t<div class=\"elementor-element elementor-element-db55b61 elementor-widget elementor-widget-spacer\" data-id=\"db55b61\" data-element_type=\"widget\" data-widget_type=\"spacer.default\">\n\t\t\t\t\t\t\t<div class=\"elementor-spacer\">\n\t\t\t<div class=\"elementor-spacer-inner\"><\/div>\n\t\t<\/div>\n\t\t\t\t\t\t<\/div>\n\t\t\t\t\t<\/div>\n\t\t<\/div>\n\t\t\t\t<div class=\"elementor-column elementor-col-50 elementor-top-column elementor-element elementor-element-95ba9f9\" data-id=\"95ba9f9\" data-element_type=\"column\">\n\t\t\t<div class=\"elementor-widget-wrap elementor-element-populated\">\n\t\t\t\t\t\t<div class=\"elementor-element elementor-element-0242529 elementor-widget elementor-widget-wp-widget-pelicula_core_contact_form_7\" data-id=\"0242529\" data-element_type=\"widget\" data-widget_type=\"wp-widget-pelicula_core_contact_form_7.default\">\n\t\t\t\t<div class=\"elementor-widget-container\">\n\t\t\t\t\t\t\t\t<div class=\"qodef-contact-form-7\">\n\t\t\t\t\n<div class=\"wpcf7 no-js\" id=\"wpcf7-f594-o1\" lang=\"en-US\" dir=\"ltr\" data-wpcf7-id=\"594\">\n<div class=\"screen-reader-response\"><p role=\"status\" aria-live=\"polite\" aria-atomic=\"true\"><\/p> <ul><\/ul><\/div>\n<form action=\"\/cat\/wp-json\/wp\/v2\/pages\/3476#wpcf7-f594-o1\" method=\"post\" class=\"wpcf7-form init\" aria-label=\"Contact form\" novalidate=\"novalidate\" data-status=\"init\">\n<fieldset class=\"hidden-fields-container\"><input type=\"hidden\" name=\"_wpcf7\" value=\"594\" \/><input type=\"hidden\" name=\"_wpcf7_version\" value=\"6.1.1\" \/><input type=\"hidden\" name=\"_wpcf7_locale\" value=\"en_US\" \/><input type=\"hidden\" name=\"_wpcf7_unit_tag\" value=\"wpcf7-f594-o1\" \/><input type=\"hidden\" name=\"_wpcf7_container_post\" value=\"0\" \/><input type=\"hidden\" name=\"_wpcf7_posted_data_hash\" value=\"\" \/><input type=\"hidden\" name=\"_wpcf7_recaptcha_response\" value=\"\" \/>\n<\/fieldset>\n<span class=\"wpcf7-form-control-wrap\" data-name=\"your-message\"><textarea cols=\"40\" rows=\"10\" maxlength=\"2000\" class=\"wpcf7-form-control wpcf7-textarea\" aria-invalid=\"false\" placeholder=\"Deixa&#039;ns el teu missatge\" name=\"your-message\"><\/textarea><\/span>\n\n<div class=\"qodef-grid qodef-layout--columns qodef-col-num--2 qodef-responsive--predefined\">\n    <div class=\"qodef-grid-inner\">\n        <div class=\"qodef-grid-item\"><span class=\"wpcf7-form-control-wrap\" data-name=\"your-name\"><input size=\"40\" maxlength=\"400\" class=\"wpcf7-form-control wpcf7-text wpcf7-validates-as-required\" aria-required=\"true\" aria-invalid=\"false\" placeholder=\"El teu nom\" value=\"\" type=\"text\" name=\"your-name\" \/><\/span><\/div>\n        <div class=\"qodef-grid-item\"><span class=\"wpcf7-form-control-wrap\" data-name=\"your-email\"><input size=\"40\" maxlength=\"400\" class=\"wpcf7-form-control wpcf7-email wpcf7-validates-as-required wpcf7-text wpcf7-validates-as-email\" aria-required=\"true\" aria-invalid=\"false\" placeholder=\"El teu Email\" value=\"\" type=\"email\" name=\"your-email\" \/><\/span><\/div><\/div><\/div>\n\n<button class=\"wpcf7-form-control wpcf7-submit qodef-size--full-width qodef-button qodef-size--normal qodef-type--filled qodef-m\" type=\"submit\"><span class=\"qodef-m-text\">Enviar formulari<\/span><\/button><div class=\"wpcf7-response-output\" aria-hidden=\"true\"><\/div>\n<\/form>\n<\/div>\n\t\t\t<\/div>\n\t\t\t\t\t\t\t<\/div>\n\t\t\t\t<\/div>\n\t\t\t\t<div class=\"elementor-element elementor-element-3e7ecb5 elementor-widget elementor-widget-spacer\" data-id=\"3e7ecb5\" data-element_type=\"widget\" data-widget_type=\"spacer.default\">\n\t\t\t\t\t\t\t<div class=\"elementor-spacer\">\n\t\t\t<div class=\"elementor-spacer-inner\"><\/div>\n\t\t<\/div>\n\t\t\t\t\t\t<\/div>\n\t\t\t\t\t<\/div>\n\t\t<\/div>\n\t\t\t\t\t<\/div>\n\t\t<\/section>\n\t\t\t\t<\/div>\n\t\t","protected":false},"excerpt":{"rendered":"<p>Muntatge de v\u00eddeos i edici\u00f3 audiovisual Editar un v\u00eddeo \u00e9s molt m\u00e9s que tallar i endre\u00e7ar imatges. \u00c9s donar forma a una idea, estructurar un missatge i treballar cada detall perqu\u00e8 el resultat final tingui sentit, ritme i personalitat. A KTO Produccions entenem el muntatge audiovisual com una part essencial de qualsevol projecte, no nom\u00e9s [&hellip;]<\/p>\n","protected":false},"author":1,"featured_media":0,"parent":0,"menu_order":0,"comment_status":"closed","ping_status":"closed","template":"page-full-width.php","meta":{"_joinchat":[],"footnotes":""},"class_list":["post-3476","page","type-page","status-publish","hentry"],"yoast_head":"<!-- This site is optimized with the Yoast SEO plugin v25.6 - https:\/\/yoast.com\/wordpress\/plugins\/seo\/ -->\n<title>Edici\u00f3 v\u00eddeos Lleida &amp; Andorra. Muntatge v\u00eddeos Barcelona<\/title>\n<meta name=\"description\" content=\"KTO. Edici\u00f3 digital personalitzada per transformar els teus v\u00eddeos en peces \u00faniques, emotives i adaptades a cada estil o necessitat\" \/>\n<meta name=\"robots\" content=\"index, follow, max-snippet:-1, max-image-preview:large, max-video-preview:-1\" \/>\n<link rel=\"canonical\" href=\"https:\/\/www.ktoproduccions.com\/cat\/edicio-digital\/\" \/>\n<meta property=\"og:locale\" content=\"es_ES\" \/>\n<meta property=\"og:type\" content=\"article\" \/>\n<meta property=\"og:title\" content=\"Edici\u00f3 v\u00eddeos Lleida &amp; Andorra. Muntatge v\u00eddeos Barcelona\" \/>\n<meta property=\"og:description\" content=\"KTO. Edici\u00f3 digital personalitzada per transformar els teus v\u00eddeos en peces \u00faniques, emotives i adaptades a cada estil o necessitat\" \/>\n<meta property=\"og:url\" content=\"https:\/\/www.ktoproduccions.com\/cat\/edicio-digital\/\" \/>\n<meta property=\"og:site_name\" content=\"KTO Produccions\" \/>\n<meta property=\"article:modified_time\" content=\"2025-09-09T09:11:27+00:00\" \/>\n<meta property=\"og:image\" content=\"https:\/\/www.ktoproduccions.com\/cat\/wp-content\/uploads\/2025\/07\/transfer_vhs.webp\" \/>\n<meta name=\"twitter:card\" content=\"summary_large_image\" \/>\n<meta name=\"twitter:label1\" content=\"Tiempo de lectura\" \/>\n\t<meta name=\"twitter:data1\" content=\"1 minuto\" \/>\n<script type=\"application\/ld+json\" class=\"yoast-schema-graph\">{\"@context\":\"https:\/\/schema.org\",\"@graph\":[{\"@type\":\"WebPage\",\"@id\":\"https:\/\/www.ktoproduccions.com\/cat\/edicio-digital\/\",\"url\":\"https:\/\/www.ktoproduccions.com\/cat\/edicio-digital\/\",\"name\":\"Edici\u00f3 v\u00eddeos Lleida & Andorra. Muntatge v\u00eddeos Barcelona\",\"isPartOf\":{\"@id\":\"https:\/\/www.ktoproduccions.com\/cat\/#website\"},\"primaryImageOfPage\":{\"@id\":\"https:\/\/www.ktoproduccions.com\/cat\/edicio-digital\/#primaryimage\"},\"image\":{\"@id\":\"https:\/\/www.ktoproduccions.com\/cat\/edicio-digital\/#primaryimage\"},\"thumbnailUrl\":\"https:\/\/www.ktoproduccions.com\/cat\/wp-content\/uploads\/2025\/07\/transfer_vhs.webp\",\"datePublished\":\"2025-07-04T14:42:56+00:00\",\"dateModified\":\"2025-09-09T09:11:27+00:00\",\"description\":\"KTO. Edici\u00f3 digital personalitzada per transformar els teus v\u00eddeos en peces \u00faniques, emotives i adaptades a cada estil o necessitat\",\"breadcrumb\":{\"@id\":\"https:\/\/www.ktoproduccions.com\/cat\/edicio-digital\/#breadcrumb\"},\"inLanguage\":\"es\",\"potentialAction\":[{\"@type\":\"ReadAction\",\"target\":[\"https:\/\/www.ktoproduccions.com\/cat\/edicio-digital\/\"]}]},{\"@type\":\"ImageObject\",\"inLanguage\":\"es\",\"@id\":\"https:\/\/www.ktoproduccions.com\/cat\/edicio-digital\/#primaryimage\",\"url\":\"https:\/\/www.ktoproduccions.com\/cat\/wp-content\/uploads\/2025\/07\/transfer_vhs.webp\",\"contentUrl\":\"https:\/\/www.ktoproduccions.com\/cat\/wp-content\/uploads\/2025\/07\/transfer_vhs.webp\",\"width\":836,\"height\":557,\"caption\":\"transfer vhs antiguas\"},{\"@type\":\"BreadcrumbList\",\"@id\":\"https:\/\/www.ktoproduccions.com\/cat\/edicio-digital\/#breadcrumb\",\"itemListElement\":[{\"@type\":\"ListItem\",\"position\":1,\"name\":\"Portada\",\"item\":\"https:\/\/www.ktoproduccions.com\/cat\/\"},{\"@type\":\"ListItem\",\"position\":2,\"name\":\"Edici\u00f3 Digital\"}]},{\"@type\":\"WebSite\",\"@id\":\"https:\/\/www.ktoproduccions.com\/cat\/#website\",\"url\":\"https:\/\/www.ktoproduccions.com\/cat\/\",\"name\":\"KTO Produccions\",\"description\":\"Empresa audiovisual especializada en v\u00eddeos corporativos, eventos, edici\u00f3n digital y celebraciones\",\"publisher\":{\"@id\":\"https:\/\/www.ktoproduccions.com\/cat\/#organization\"},\"alternateName\":\"KTO Produccions\",\"potentialAction\":[{\"@type\":\"SearchAction\",\"target\":{\"@type\":\"EntryPoint\",\"urlTemplate\":\"https:\/\/www.ktoproduccions.com\/cat\/?s={search_term_string}\"},\"query-input\":{\"@type\":\"PropertyValueSpecification\",\"valueRequired\":true,\"valueName\":\"search_term_string\"}}],\"inLanguage\":\"es\"},{\"@type\":\"Organization\",\"@id\":\"https:\/\/www.ktoproduccions.com\/cat\/#organization\",\"name\":\"KTO Produccions\",\"url\":\"https:\/\/www.ktoproduccions.com\/cat\/\",\"logo\":{\"@type\":\"ImageObject\",\"inLanguage\":\"es\",\"@id\":\"https:\/\/www.ktoproduccions.com\/cat\/#\/schema\/logo\/image\/\",\"url\":\"https:\/\/www.ktoproduccions.com\/cat\/wp-content\/uploads\/2025\/07\/logoOK.png\",\"contentUrl\":\"https:\/\/www.ktoproduccions.com\/cat\/wp-content\/uploads\/2025\/07\/logoOK.png\",\"width\":150,\"height\":60,\"caption\":\"KTO Produccions\"},\"image\":{\"@id\":\"https:\/\/www.ktoproduccions.com\/cat\/#\/schema\/logo\/image\/\"},\"sameAs\":[\"https:\/\/www.instagram.com\/ktofilms\/\",\"http:\/\/vimeo.com\/user1135582\"]}]}<\/script>\n<!-- \/ Yoast SEO plugin. -->","yoast_head_json":{"title":"Edici\u00f3 v\u00eddeos Lleida & Andorra. Muntatge v\u00eddeos Barcelona","description":"KTO. Edici\u00f3 digital personalitzada per transformar els teus v\u00eddeos en peces \u00faniques, emotives i adaptades a cada estil o necessitat","robots":{"index":"index","follow":"follow","max-snippet":"max-snippet:-1","max-image-preview":"max-image-preview:large","max-video-preview":"max-video-preview:-1"},"canonical":"https:\/\/www.ktoproduccions.com\/cat\/edicio-digital\/","og_locale":"es_ES","og_type":"article","og_title":"Edici\u00f3 v\u00eddeos Lleida & Andorra. Muntatge v\u00eddeos Barcelona","og_description":"KTO. Edici\u00f3 digital personalitzada per transformar els teus v\u00eddeos en peces \u00faniques, emotives i adaptades a cada estil o necessitat","og_url":"https:\/\/www.ktoproduccions.com\/cat\/edicio-digital\/","og_site_name":"KTO Produccions","article_modified_time":"2025-09-09T09:11:27+00:00","og_image":[{"url":"https:\/\/www.ktoproduccions.com\/cat\/wp-content\/uploads\/2025\/07\/transfer_vhs.webp","type":"","width":"","height":""}],"twitter_card":"summary_large_image","twitter_misc":{"Tiempo de lectura":"1 minuto"},"schema":{"@context":"https:\/\/schema.org","@graph":[{"@type":"WebPage","@id":"https:\/\/www.ktoproduccions.com\/cat\/edicio-digital\/","url":"https:\/\/www.ktoproduccions.com\/cat\/edicio-digital\/","name":"Edici\u00f3 v\u00eddeos Lleida & Andorra. Muntatge v\u00eddeos Barcelona","isPartOf":{"@id":"https:\/\/www.ktoproduccions.com\/cat\/#website"},"primaryImageOfPage":{"@id":"https:\/\/www.ktoproduccions.com\/cat\/edicio-digital\/#primaryimage"},"image":{"@id":"https:\/\/www.ktoproduccions.com\/cat\/edicio-digital\/#primaryimage"},"thumbnailUrl":"https:\/\/www.ktoproduccions.com\/cat\/wp-content\/uploads\/2025\/07\/transfer_vhs.webp","datePublished":"2025-07-04T14:42:56+00:00","dateModified":"2025-09-09T09:11:27+00:00","description":"KTO. Edici\u00f3 digital personalitzada per transformar els teus v\u00eddeos en peces \u00faniques, emotives i adaptades a cada estil o necessitat","breadcrumb":{"@id":"https:\/\/www.ktoproduccions.com\/cat\/edicio-digital\/#breadcrumb"},"inLanguage":"es","potentialAction":[{"@type":"ReadAction","target":["https:\/\/www.ktoproduccions.com\/cat\/edicio-digital\/"]}]},{"@type":"ImageObject","inLanguage":"es","@id":"https:\/\/www.ktoproduccions.com\/cat\/edicio-digital\/#primaryimage","url":"https:\/\/www.ktoproduccions.com\/cat\/wp-content\/uploads\/2025\/07\/transfer_vhs.webp","contentUrl":"https:\/\/www.ktoproduccions.com\/cat\/wp-content\/uploads\/2025\/07\/transfer_vhs.webp","width":836,"height":557,"caption":"transfer vhs antiguas"},{"@type":"BreadcrumbList","@id":"https:\/\/www.ktoproduccions.com\/cat\/edicio-digital\/#breadcrumb","itemListElement":[{"@type":"ListItem","position":1,"name":"Portada","item":"https:\/\/www.ktoproduccions.com\/cat\/"},{"@type":"ListItem","position":2,"name":"Edici\u00f3 Digital"}]},{"@type":"WebSite","@id":"https:\/\/www.ktoproduccions.com\/cat\/#website","url":"https:\/\/www.ktoproduccions.com\/cat\/","name":"KTO Produccions","description":"Empresa audiovisual especializada en v\u00eddeos corporativos, eventos, edici\u00f3n digital y celebraciones","publisher":{"@id":"https:\/\/www.ktoproduccions.com\/cat\/#organization"},"alternateName":"KTO Produccions","potentialAction":[{"@type":"SearchAction","target":{"@type":"EntryPoint","urlTemplate":"https:\/\/www.ktoproduccions.com\/cat\/?s={search_term_string}"},"query-input":{"@type":"PropertyValueSpecification","valueRequired":true,"valueName":"search_term_string"}}],"inLanguage":"es"},{"@type":"Organization","@id":"https:\/\/www.ktoproduccions.com\/cat\/#organization","name":"KTO Produccions","url":"https:\/\/www.ktoproduccions.com\/cat\/","logo":{"@type":"ImageObject","inLanguage":"es","@id":"https:\/\/www.ktoproduccions.com\/cat\/#\/schema\/logo\/image\/","url":"https:\/\/www.ktoproduccions.com\/cat\/wp-content\/uploads\/2025\/07\/logoOK.png","contentUrl":"https:\/\/www.ktoproduccions.com\/cat\/wp-content\/uploads\/2025\/07\/logoOK.png","width":150,"height":60,"caption":"KTO Produccions"},"image":{"@id":"https:\/\/www.ktoproduccions.com\/cat\/#\/schema\/logo\/image\/"},"sameAs":["https:\/\/www.instagram.com\/ktofilms\/","http:\/\/vimeo.com\/user1135582"]}]}},"_links":{"self":[{"href":"https:\/\/www.ktoproduccions.com\/cat\/wp-json\/wp\/v2\/pages\/3476","targetHints":{"allow":["GET"]}}],"collection":[{"href":"https:\/\/www.ktoproduccions.com\/cat\/wp-json\/wp\/v2\/pages"}],"about":[{"href":"https:\/\/www.ktoproduccions.com\/cat\/wp-json\/wp\/v2\/types\/page"}],"author":[{"embeddable":true,"href":"https:\/\/www.ktoproduccions.com\/cat\/wp-json\/wp\/v2\/users\/1"}],"replies":[{"embeddable":true,"href":"https:\/\/www.ktoproduccions.com\/cat\/wp-json\/wp\/v2\/comments?post=3476"}],"version-history":[{"count":14,"href":"https:\/\/www.ktoproduccions.com\/cat\/wp-json\/wp\/v2\/pages\/3476\/revisions"}],"predecessor-version":[{"id":3980,"href":"https:\/\/www.ktoproduccions.com\/cat\/wp-json\/wp\/v2\/pages\/3476\/revisions\/3980"}],"wp:attachment":[{"href":"https:\/\/www.ktoproduccions.com\/cat\/wp-json\/wp\/v2\/media?parent=3476"}],"curies":[{"name":"wp","href":"https:\/\/api.w.org\/{rel}","templated":true}]}}