{"id":3483,"date":"2025-07-04T16:51:21","date_gmt":"2025-07-04T14:51:21","guid":{"rendered":"https:\/\/www.ktoproduccions.com\/?page_id=3483"},"modified":"2025-09-09T11:07:32","modified_gmt":"2025-09-09T09:07:32","slug":"revelat-retoc-fotografic","status":"publish","type":"page","link":"https:\/\/www.ktoproduccions.com\/cat\/revelat-retoc-fotografic\/","title":{"rendered":"Serveis Particulars"},"content":{"rendered":"\t\t<div data-elementor-type=\"wp-page\" data-elementor-id=\"3483\" class=\"elementor elementor-3483\" data-elementor-post-type=\"page\">\n\t\t\t\t<div class=\"elementor-element elementor-element-f71bd65 e-flex e-con-boxed e-con e-parent\" data-id=\"f71bd65\" data-element_type=\"container\" data-settings=\"{&quot;background_background&quot;:&quot;classic&quot;}\">\n\t\t\t\t\t<div class=\"e-con-inner\">\n\t\t\t\t<div class=\"elementor-element elementor-element-3b3d7a4 elementor-widget elementor-widget-heading\" data-id=\"3b3d7a4\" data-element_type=\"widget\" data-widget_type=\"heading.default\">\n\t\t\t\t\t<h1 class=\"elementor-heading-title elementor-size-default\">Revelat fotogr\u00e0fic, retoc fotogr\u00e0fic i m\u00e9s<\/h1>\t\t\t\t<\/div>\n\t\t\t\t<div class=\"elementor-element elementor-element-0547039 elementor-widget elementor-widget-heading\" data-id=\"0547039\" data-element_type=\"widget\" data-widget_type=\"heading.default\">\n\t\t\t\t\t<p class=\"elementor-heading-title elementor-size-default\">En un m\u00f3n dominat per all\u00f2 digital, segueix existint una cosa profundament especial a tenir una fotografia impresa entre les mans.<\/p>\t\t\t\t<\/div>\n\t\t\t\t\t<\/div>\n\t\t\t\t<\/div>\n\t\t<div class=\"elementor-element elementor-element-190f116 e-flex e-con-boxed e-con e-parent\" data-id=\"190f116\" data-element_type=\"container\">\n\t\t\t\t\t<div class=\"e-con-inner\">\n\t\t\t\t<div class=\"elementor-element elementor-element-72a5719 elementor-widget elementor-widget-text-editor\" data-id=\"72a5719\" data-element_type=\"widget\" data-widget_type=\"text-editor.default\">\n\t\t\t\t\t\t\t\t\tAquesta textura, aquell enquadrament cuidat, aquell instant capturat que cobra vida fora de la pantalla. A KTO Produccions fa anys que treballem amb passi\u00f3 i detall en serveis de <b>revelat fotogr\u00e0fic<\/b> i <b>retoc fotogr\u00e0fic<\/b>, perqu\u00e8 sabem que cada imatge t\u00e9 una hist\u00f2ria que mereix ser explicada amb la millor qualitat.\n\nEl nostre equip combina t\u00e8cnica i sensibilitat per transformar simples captures en records duradors. Ja sigui una s\u00e8rie de <b>retrats<\/b>, un reportatge familiar o fotografies d&#8217;un esdeveniment especial, tractem cada enc\u00e0rrec amb atenci\u00f3 i precisi\u00f3. Amb una \u00e0mplia experi\u00e8ncia com a <b>empresa de producci\u00f3 audiovisual<\/b>, oferim no nom\u00e9s <b>serveis audiovisuals<\/b>, sin\u00f3 tamb\u00e9 una l\u00ednia especialitzada en imatge fixa, revelat i edici\u00f3 digital.\t\t\t\t\t\t\t\t<\/div>\n\t\t\t\t\t<\/div>\n\t\t\t\t<\/div>\n\t\t<div class=\"elementor-element elementor-element-11494af e-flex e-con-boxed e-con e-parent\" data-id=\"11494af\" data-element_type=\"container\">\n\t\t\t\t\t<div class=\"e-con-inner\">\n\t\t\t\t<div class=\"elementor-element elementor-element-f1110d7 elementor-widget elementor-widget-heading\" data-id=\"f1110d7\" data-element_type=\"widget\" data-widget_type=\"heading.default\">\n\t\t\t\t\t<h2 class=\"elementor-heading-title elementor-size-default\">Quadres en format de llen\u00e7<\/h2>\t\t\t\t<\/div>\n\t\t\t\t<div class=\"elementor-element elementor-element-5f79677 elementor-widget elementor-widget-text-editor\" data-id=\"5f79677\" data-element_type=\"widget\" data-widget_type=\"text-editor.default\">\n\t\t\t\t\t\t\t\t\tUn dels nostres productes m\u00e9s sol\u00b7licitats \u00e9s la impressi\u00f3 de <b>fotografies<\/b> en format de llen\u00e7. Convertim les teves <b>imatges<\/b> favorites en aut\u00e8ntiques peces decoratives, llestes per penjar a casa, en una oficina o regalar a alg\u00fa especial. El proc\u00e9s comen\u00e7a amb una acurada selecci\u00f3 del fitxer, seguit d&#8217;un ajustament professional de llum, <b>contrast<\/b> i nitidesa, per assegurar el millor resultat possible.\n\nGr\u00e0cies a les nostres t\u00e8cniques de <b>revelat digital<\/b>, podem treballar amb fotos a <b>blanc i negre<\/b>, a <b>color<\/b>, o fins i tot combinar ambdues est\u00e8tiques per aconseguir composicions \u00faniques. Ja tinguis una imatge presa amb la teva <b>c\u00e0mera<\/b> personal o una sessi\u00f3 professional, la tractem amb el mateix nivell de comprom\u00eds.\t\t\t\t\t\t\t\t<\/div>\n\t\t\t\t<div class=\"elementor-element elementor-element-e3071c9 elementor-widget elementor-widget-pelicula_core_accordion\" data-id=\"e3071c9\" data-element_type=\"widget\" data-widget_type=\"pelicula_core_accordion.default\">\n\t\t\t\t<div class=\"elementor-widget-container\">\n\t\t\t\t\t<div class=\"qodef-shortcode qodef-m acordeon qodef-accordion clear qodef-behavior--toggle qodef-layout--simple qodef-skin--dark\">\n\t<h2 class=\"qodef-accordion-title\">\n\t<span class=\"qodef-tab-title\">\n\t\tRetoc professional personalitzat\t<\/span>\n\t<span class=\"qodef-accordion-mark\">\n\t\t<span class=\"qodef-icon--plus icon_plus\"><\/span>\n\t\t<span class=\"qodef-icon--minus icon_close\"><\/span>\n\t<\/span>\n<\/h2>\n<div class=\"qodef-accordion-content\">\n\t<div class=\"qodef-accordion-content-inner\">\n\t\t<p>El <b>retoc fotogr\u00e0fic<\/b> va m\u00e9s enll\u00e0 d'eliminar imperfeccions. Parlem d'equilibrar tons, millorar l'atmosfera, recuperar detalls i real\u00e7ar el que ja hi era. Utilitzem eines com <b>Photoshop<\/b> i altres plataformes de <b>edici\u00f3 digital<\/b> per tenir cura de cada imatge com una obra en si mateixa.<\/p><p>Som especialistes en aplicar filtres subtils, corregir llums complicades i destacar els elements m\u00e9s expressius de cada retrat. La naturalitat i fidelitat a l'escena original sempre guien les nostres decisions d'edici\u00f3.<\/p>\t<\/div>\n<\/div><\/div>\t\t\t\t<\/div>\n\t\t\t\t<\/div>\n\t\t\t\t\t<\/div>\n\t\t\t\t<\/div>\n\t\t\t\t<section class=\"elementor-section elementor-top-section elementor-element elementor-element-dcda36a elementor-section-boxed elementor-section-height-default elementor-section-height-default qodef-elementor-content-no\" data-id=\"dcda36a\" data-element_type=\"section\">\n\t\t\t\t\t\t<div class=\"elementor-container elementor-column-gap-no\">\n\t\t\t\t\t<div class=\"elementor-column elementor-col-50 elementor-top-column elementor-element elementor-element-09dd864\" data-id=\"09dd864\" data-element_type=\"column\">\n\t\t\t<div class=\"elementor-widget-wrap elementor-element-populated\">\n\t\t\t\t\t\t<div class=\"elementor-element elementor-element-36e221c elementor-widget elementor-widget-pelicula_core_section_title\" data-id=\"36e221c\" data-element_type=\"widget\" data-widget_type=\"pelicula_core_section_title.default\">\n\t\t\t\t<div class=\"elementor-widget-container\">\n\t\t\t\t\t<div class=\"qodef-shortcode qodef-m qodef-section-title qodef-alignment--right\" data-holder-options=\"{&quot;line-breaks&quot;:&quot;&quot;}\">\n\t\t    \t<h2 class=\"qodef-m-title\" >\n\t\t\tLaminamarcs o altres\t<\/h2>\n    \t<\/div>\t\t\t\t<\/div>\n\t\t\t\t<\/div>\n\t\t\t\t<div class=\"elementor-element elementor-element-58402ac elementor-widget elementor-widget-text-editor\" data-id=\"58402ac\" data-element_type=\"widget\" data-widget_type=\"text-editor.default\">\n\t\t\t\t\t\t\t\t\t<p>Per als que busquen una alternativa al llen\u00e7, tamb\u00e9 oferim una \u00e0mplia gamma d&#8217;opcions de presentaci\u00f3: <b>laminamarcs<\/b>, portafotos acr\u00edlics, marcs cl\u00e0ssics i suports imantats, entre d&#8217;altres. Cada format t\u00e9 el seu encant, i el nostre equip t&#8217;assessora perqu\u00e8 trobis el que encaixa millor amb el teu espai i estil.<\/p>\t\t\t\t\t\t\t\t<\/div>\n\t\t\t\t<div class=\"elementor-element elementor-element-9d1483e elementor-widget elementor-widget-spacer\" data-id=\"9d1483e\" data-element_type=\"widget\" data-widget_type=\"spacer.default\">\n\t\t\t\t\t\t\t<div class=\"elementor-spacer\">\n\t\t\t<div class=\"elementor-spacer-inner\"><\/div>\n\t\t<\/div>\n\t\t\t\t\t\t<\/div>\n\t\t\t\t\t<\/div>\n\t\t<\/div>\n\t\t\t\t<div class=\"elementor-column elementor-col-50 elementor-top-column elementor-element elementor-element-04e7df8\" data-id=\"04e7df8\" data-element_type=\"column\">\n\t\t\t<div class=\"elementor-widget-wrap elementor-element-populated\">\n\t\t\t\t\t\t<div class=\"elementor-element elementor-element-7f8467c elementor-widget elementor-widget-image\" data-id=\"7f8467c\" data-element_type=\"widget\" data-widget_type=\"image.default\">\n\t\t\t\t\t\t\t\t\t\t\t\t\t\t\t<img fetchpriority=\"high\" decoding=\"async\" width=\"1640\" height=\"656\" src=\"https:\/\/www.ktoproduccions.com\/cat\/wp-content\/uploads\/2025\/07\/cuadros_formato_lienzo.webp\" class=\"attachment-full size-full wp-image-3486\" alt=\"Digitalizaci\u00f3n y revelado de v\u00eddeos\" srcset=\"https:\/\/www.ktoproduccions.com\/cat\/wp-content\/uploads\/2025\/07\/cuadros_formato_lienzo.webp 1640w, https:\/\/www.ktoproduccions.com\/cat\/wp-content\/uploads\/2025\/07\/cuadros_formato_lienzo-300x120.webp 300w, https:\/\/www.ktoproduccions.com\/cat\/wp-content\/uploads\/2025\/07\/cuadros_formato_lienzo-1024x410.webp 1024w, https:\/\/www.ktoproduccions.com\/cat\/wp-content\/uploads\/2025\/07\/cuadros_formato_lienzo-768x307.webp 768w, https:\/\/www.ktoproduccions.com\/cat\/wp-content\/uploads\/2025\/07\/cuadros_formato_lienzo-1536x614.webp 1536w, https:\/\/www.ktoproduccions.com\/cat\/wp-content\/uploads\/2025\/07\/cuadros_formato_lienzo-600x240.webp 600w\" sizes=\"(max-width: 1640px) 100vw, 1640px\" \/>\t\t\t\t\t\t\t\t\t\t\t\t\t\t\t<\/div>\n\t\t\t\t\t<\/div>\n\t\t<\/div>\n\t\t\t\t\t<\/div>\n\t\t<\/section>\n\t\t\t\t<section class=\"elementor-section elementor-top-section elementor-element elementor-element-dda482a elementor-section-full_width qodef-elementor-content-grid elementor-section-height-default elementor-section-height-default\" data-id=\"dda482a\" data-element_type=\"section\">\n\t\t\t\t\t\t<div class=\"elementor-container elementor-column-gap-no\">\n\t\t\t\t\t<div class=\"elementor-column elementor-col-50 elementor-top-column elementor-element elementor-element-57f6d91\" data-id=\"57f6d91\" data-element_type=\"column\">\n\t\t\t<div class=\"elementor-widget-wrap elementor-element-populated\">\n\t\t\t\t\t\t<div class=\"elementor-element elementor-element-9ca61e2 elementor-widget elementor-widget-pelicula_core_section_title\" data-id=\"9ca61e2\" data-element_type=\"widget\" data-widget_type=\"pelicula_core_section_title.default\">\n\t\t\t\t<div class=\"elementor-widget-container\">\n\t\t\t\t\t<div class=\"qodef-shortcode qodef-m qodef-section-title qodef-alignment--right\" data-holder-options=\"{&quot;line-breaks&quot;:&quot;&quot;}\">\n\t\t<h6 class=\"qodef-m-tagline\" style=\"color: #6D6D6D\">\n\t\tContacta'ns\t<\/h6>\n\t    \t<h2 class=\"qodef-m-title\" >\n\t\t\tPer qu\u00e8 escollir-nos?\t<\/h2>\n    \t\t<p class=\"qodef-m-text\" >Sigui quina sigui l&#039;elecci\u00f3, tenim cura de cada detall de l&#039;acabat, des de l&#039;elecci\u00f3 del paper fins al muntatge final, mantenint la qualitat i la durabilitat com a prioritat.<\/p>\n<\/div>\t\t\t\t<\/div>\n\t\t\t\t<\/div>\n\t\t\t\t<div class=\"elementor-element elementor-element-200cc9d elementor-widget elementor-widget-spacer\" data-id=\"200cc9d\" data-element_type=\"widget\" data-widget_type=\"spacer.default\">\n\t\t\t\t\t\t\t<div class=\"elementor-spacer\">\n\t\t\t<div class=\"elementor-spacer-inner\"><\/div>\n\t\t<\/div>\n\t\t\t\t\t\t<\/div>\n\t\t\t\t\t<\/div>\n\t\t<\/div>\n\t\t\t\t<div class=\"elementor-column elementor-col-50 elementor-top-column elementor-element elementor-element-d32f52d\" data-id=\"d32f52d\" data-element_type=\"column\">\n\t\t\t<div class=\"elementor-widget-wrap elementor-element-populated\">\n\t\t\t\t\t\t<div class=\"elementor-element elementor-element-139393c elementor-widget elementor-widget-wp-widget-pelicula_core_contact_form_7\" data-id=\"139393c\" data-element_type=\"widget\" data-widget_type=\"wp-widget-pelicula_core_contact_form_7.default\">\n\t\t\t\t<div class=\"elementor-widget-container\">\n\t\t\t\t\t\t\t\t<div class=\"qodef-contact-form-7\">\n\t\t\t\t\n<div class=\"wpcf7 no-js\" id=\"wpcf7-f594-o1\" lang=\"en-US\" dir=\"ltr\" data-wpcf7-id=\"594\">\n<div class=\"screen-reader-response\"><p role=\"status\" aria-live=\"polite\" aria-atomic=\"true\"><\/p> <ul><\/ul><\/div>\n<form action=\"\/cat\/wp-json\/wp\/v2\/pages\/3483#wpcf7-f594-o1\" method=\"post\" class=\"wpcf7-form init\" aria-label=\"Contact form\" novalidate=\"novalidate\" data-status=\"init\">\n<fieldset class=\"hidden-fields-container\"><input type=\"hidden\" name=\"_wpcf7\" value=\"594\" \/><input type=\"hidden\" name=\"_wpcf7_version\" value=\"6.1.1\" \/><input type=\"hidden\" name=\"_wpcf7_locale\" value=\"en_US\" \/><input type=\"hidden\" name=\"_wpcf7_unit_tag\" value=\"wpcf7-f594-o1\" \/><input type=\"hidden\" name=\"_wpcf7_container_post\" value=\"0\" \/><input type=\"hidden\" name=\"_wpcf7_posted_data_hash\" value=\"\" \/><input type=\"hidden\" name=\"_wpcf7_recaptcha_response\" value=\"\" \/>\n<\/fieldset>\n<span class=\"wpcf7-form-control-wrap\" data-name=\"your-message\"><textarea cols=\"40\" rows=\"10\" maxlength=\"2000\" class=\"wpcf7-form-control wpcf7-textarea\" aria-invalid=\"false\" placeholder=\"Deixa&#039;ns el teu missatge\" name=\"your-message\"><\/textarea><\/span>\n\n<div class=\"qodef-grid qodef-layout--columns qodef-col-num--2 qodef-responsive--predefined\">\n    <div class=\"qodef-grid-inner\">\n        <div class=\"qodef-grid-item\"><span class=\"wpcf7-form-control-wrap\" data-name=\"your-name\"><input size=\"40\" maxlength=\"400\" class=\"wpcf7-form-control wpcf7-text wpcf7-validates-as-required\" aria-required=\"true\" aria-invalid=\"false\" placeholder=\"El teu nom\" value=\"\" type=\"text\" name=\"your-name\" \/><\/span><\/div>\n        <div class=\"qodef-grid-item\"><span class=\"wpcf7-form-control-wrap\" data-name=\"your-email\"><input size=\"40\" maxlength=\"400\" class=\"wpcf7-form-control wpcf7-email wpcf7-validates-as-required wpcf7-text wpcf7-validates-as-email\" aria-required=\"true\" aria-invalid=\"false\" placeholder=\"El teu Email\" value=\"\" type=\"email\" name=\"your-email\" \/><\/span><\/div><\/div><\/div>\n\n<button class=\"wpcf7-form-control wpcf7-submit qodef-size--full-width qodef-button qodef-size--normal qodef-type--filled qodef-m\" type=\"submit\"><span class=\"qodef-m-text\">Enviar formulari<\/span><\/button><div class=\"wpcf7-response-output\" aria-hidden=\"true\"><\/div>\n<\/form>\n<\/div>\n\t\t\t<\/div>\n\t\t\t\t\t\t\t<\/div>\n\t\t\t\t<\/div>\n\t\t\t\t<div class=\"elementor-element elementor-element-cf5da81 elementor-widget elementor-widget-spacer\" data-id=\"cf5da81\" data-element_type=\"widget\" data-widget_type=\"spacer.default\">\n\t\t\t\t\t\t\t<div class=\"elementor-spacer\">\n\t\t\t<div class=\"elementor-spacer-inner\"><\/div>\n\t\t<\/div>\n\t\t\t\t\t\t<\/div>\n\t\t\t\t\t<\/div>\n\t\t<\/div>\n\t\t\t\t\t<\/div>\n\t\t<\/section>\n\t\t\t\t<\/div>\n\t\t","protected":false},"excerpt":{"rendered":"<p>Revelat fotogr\u00e0fic, retoc fotogr\u00e0fic i m\u00e9s En un m\u00f3n dominat per all\u00f2 digital, segueix existint una cosa profundament especial a tenir una fotografia impresa entre les mans. Aquesta textura, aquell enquadrament cuidat, aquell instant capturat que cobra vida fora de la pantalla. A KTO Produccions fa anys que treballem amb passi\u00f3 i detall en serveis [&hellip;]<\/p>\n","protected":false},"author":1,"featured_media":0,"parent":0,"menu_order":0,"comment_status":"closed","ping_status":"closed","template":"page-full-width.php","meta":{"_joinchat":[],"footnotes":""},"class_list":["post-3483","page","type-page","status-publish","hentry"],"yoast_head":"<!-- This site is optimized with the Yoast SEO plugin v25.6 - https:\/\/yoast.com\/wordpress\/plugins\/seo\/ -->\n<title>Revelat fotogr\u00e0fic i retoc fotogr\u00e0fic a Lleida<\/title>\n<meta name=\"description\" content=\"KTO. Serveis particulars com ara revelat, digitalitzaci\u00f3 i edici\u00f3 per conservar els teus records en el millor format possible\" \/>\n<meta name=\"robots\" content=\"index, follow, max-snippet:-1, max-image-preview:large, max-video-preview:-1\" \/>\n<link rel=\"canonical\" href=\"https:\/\/www.ktoproduccions.com\/cat\/revelat-retoc-fotografic\/\" \/>\n<meta property=\"og:locale\" content=\"es_ES\" \/>\n<meta property=\"og:type\" content=\"article\" \/>\n<meta property=\"og:title\" content=\"Revelat fotogr\u00e0fic i retoc fotogr\u00e0fic a Lleida\" \/>\n<meta property=\"og:description\" content=\"KTO. Serveis particulars com ara revelat, digitalitzaci\u00f3 i edici\u00f3 per conservar els teus records en el millor format possible\" \/>\n<meta property=\"og:url\" content=\"https:\/\/www.ktoproduccions.com\/cat\/revelat-retoc-fotografic\/\" \/>\n<meta property=\"og:site_name\" content=\"KTO Produccions\" \/>\n<meta property=\"article:modified_time\" content=\"2025-09-09T09:07:32+00:00\" \/>\n<meta property=\"og:image\" content=\"https:\/\/www.ktoproduccions.com\/cat\/wp-content\/uploads\/2025\/07\/cuadros_formato_lienzo.webp\" \/>\n<meta name=\"twitter:card\" content=\"summary_large_image\" \/>\n<meta name=\"twitter:label1\" content=\"Tiempo de lectura\" \/>\n\t<meta name=\"twitter:data1\" content=\"1 minuto\" \/>\n<script type=\"application\/ld+json\" class=\"yoast-schema-graph\">{\"@context\":\"https:\/\/schema.org\",\"@graph\":[{\"@type\":\"WebPage\",\"@id\":\"https:\/\/www.ktoproduccions.com\/cat\/revelat-retoc-fotografic\/\",\"url\":\"https:\/\/www.ktoproduccions.com\/cat\/revelat-retoc-fotografic\/\",\"name\":\"Revelat fotogr\u00e0fic i retoc fotogr\u00e0fic a Lleida\",\"isPartOf\":{\"@id\":\"https:\/\/www.ktoproduccions.com\/cat\/#website\"},\"primaryImageOfPage\":{\"@id\":\"https:\/\/www.ktoproduccions.com\/cat\/revelat-retoc-fotografic\/#primaryimage\"},\"image\":{\"@id\":\"https:\/\/www.ktoproduccions.com\/cat\/revelat-retoc-fotografic\/#primaryimage\"},\"thumbnailUrl\":\"https:\/\/www.ktoproduccions.com\/cat\/wp-content\/uploads\/2025\/07\/cuadros_formato_lienzo.webp\",\"datePublished\":\"2025-07-04T14:51:21+00:00\",\"dateModified\":\"2025-09-09T09:07:32+00:00\",\"description\":\"KTO. Serveis particulars com ara revelat, digitalitzaci\u00f3 i edici\u00f3 per conservar els teus records en el millor format possible\",\"breadcrumb\":{\"@id\":\"https:\/\/www.ktoproduccions.com\/cat\/revelat-retoc-fotografic\/#breadcrumb\"},\"inLanguage\":\"es\",\"potentialAction\":[{\"@type\":\"ReadAction\",\"target\":[\"https:\/\/www.ktoproduccions.com\/cat\/revelat-retoc-fotografic\/\"]}]},{\"@type\":\"ImageObject\",\"inLanguage\":\"es\",\"@id\":\"https:\/\/www.ktoproduccions.com\/cat\/revelat-retoc-fotografic\/#primaryimage\",\"url\":\"https:\/\/www.ktoproduccions.com\/cat\/wp-content\/uploads\/2025\/07\/cuadros_formato_lienzo.webp\",\"contentUrl\":\"https:\/\/www.ktoproduccions.com\/cat\/wp-content\/uploads\/2025\/07\/cuadros_formato_lienzo.webp\",\"width\":1640,\"height\":656,\"caption\":\"Digitalizaci\u00f3n y revelado de v\u00eddeos\"},{\"@type\":\"BreadcrumbList\",\"@id\":\"https:\/\/www.ktoproduccions.com\/cat\/revelat-retoc-fotografic\/#breadcrumb\",\"itemListElement\":[{\"@type\":\"ListItem\",\"position\":1,\"name\":\"Portada\",\"item\":\"https:\/\/www.ktoproduccions.com\/cat\/\"},{\"@type\":\"ListItem\",\"position\":2,\"name\":\"Serveis Particulars\"}]},{\"@type\":\"WebSite\",\"@id\":\"https:\/\/www.ktoproduccions.com\/cat\/#website\",\"url\":\"https:\/\/www.ktoproduccions.com\/cat\/\",\"name\":\"KTO Produccions\",\"description\":\"Empresa audiovisual especializada en v\u00eddeos corporativos, eventos, edici\u00f3n digital y celebraciones\",\"publisher\":{\"@id\":\"https:\/\/www.ktoproduccions.com\/cat\/#organization\"},\"alternateName\":\"KTO Produccions\",\"potentialAction\":[{\"@type\":\"SearchAction\",\"target\":{\"@type\":\"EntryPoint\",\"urlTemplate\":\"https:\/\/www.ktoproduccions.com\/cat\/?s={search_term_string}\"},\"query-input\":{\"@type\":\"PropertyValueSpecification\",\"valueRequired\":true,\"valueName\":\"search_term_string\"}}],\"inLanguage\":\"es\"},{\"@type\":\"Organization\",\"@id\":\"https:\/\/www.ktoproduccions.com\/cat\/#organization\",\"name\":\"KTO Produccions\",\"url\":\"https:\/\/www.ktoproduccions.com\/cat\/\",\"logo\":{\"@type\":\"ImageObject\",\"inLanguage\":\"es\",\"@id\":\"https:\/\/www.ktoproduccions.com\/cat\/#\/schema\/logo\/image\/\",\"url\":\"https:\/\/www.ktoproduccions.com\/cat\/wp-content\/uploads\/2025\/07\/logoOK.png\",\"contentUrl\":\"https:\/\/www.ktoproduccions.com\/cat\/wp-content\/uploads\/2025\/07\/logoOK.png\",\"width\":150,\"height\":60,\"caption\":\"KTO Produccions\"},\"image\":{\"@id\":\"https:\/\/www.ktoproduccions.com\/cat\/#\/schema\/logo\/image\/\"},\"sameAs\":[\"https:\/\/www.instagram.com\/ktofilms\/\",\"http:\/\/vimeo.com\/user1135582\"]}]}<\/script>\n<!-- \/ Yoast SEO plugin. -->","yoast_head_json":{"title":"Revelat fotogr\u00e0fic i retoc fotogr\u00e0fic a Lleida","description":"KTO. Serveis particulars com ara revelat, digitalitzaci\u00f3 i edici\u00f3 per conservar els teus records en el millor format possible","robots":{"index":"index","follow":"follow","max-snippet":"max-snippet:-1","max-image-preview":"max-image-preview:large","max-video-preview":"max-video-preview:-1"},"canonical":"https:\/\/www.ktoproduccions.com\/cat\/revelat-retoc-fotografic\/","og_locale":"es_ES","og_type":"article","og_title":"Revelat fotogr\u00e0fic i retoc fotogr\u00e0fic a Lleida","og_description":"KTO. Serveis particulars com ara revelat, digitalitzaci\u00f3 i edici\u00f3 per conservar els teus records en el millor format possible","og_url":"https:\/\/www.ktoproduccions.com\/cat\/revelat-retoc-fotografic\/","og_site_name":"KTO Produccions","article_modified_time":"2025-09-09T09:07:32+00:00","og_image":[{"url":"https:\/\/www.ktoproduccions.com\/cat\/wp-content\/uploads\/2025\/07\/cuadros_formato_lienzo.webp","type":"","width":"","height":""}],"twitter_card":"summary_large_image","twitter_misc":{"Tiempo de lectura":"1 minuto"},"schema":{"@context":"https:\/\/schema.org","@graph":[{"@type":"WebPage","@id":"https:\/\/www.ktoproduccions.com\/cat\/revelat-retoc-fotografic\/","url":"https:\/\/www.ktoproduccions.com\/cat\/revelat-retoc-fotografic\/","name":"Revelat fotogr\u00e0fic i retoc fotogr\u00e0fic a Lleida","isPartOf":{"@id":"https:\/\/www.ktoproduccions.com\/cat\/#website"},"primaryImageOfPage":{"@id":"https:\/\/www.ktoproduccions.com\/cat\/revelat-retoc-fotografic\/#primaryimage"},"image":{"@id":"https:\/\/www.ktoproduccions.com\/cat\/revelat-retoc-fotografic\/#primaryimage"},"thumbnailUrl":"https:\/\/www.ktoproduccions.com\/cat\/wp-content\/uploads\/2025\/07\/cuadros_formato_lienzo.webp","datePublished":"2025-07-04T14:51:21+00:00","dateModified":"2025-09-09T09:07:32+00:00","description":"KTO. Serveis particulars com ara revelat, digitalitzaci\u00f3 i edici\u00f3 per conservar els teus records en el millor format possible","breadcrumb":{"@id":"https:\/\/www.ktoproduccions.com\/cat\/revelat-retoc-fotografic\/#breadcrumb"},"inLanguage":"es","potentialAction":[{"@type":"ReadAction","target":["https:\/\/www.ktoproduccions.com\/cat\/revelat-retoc-fotografic\/"]}]},{"@type":"ImageObject","inLanguage":"es","@id":"https:\/\/www.ktoproduccions.com\/cat\/revelat-retoc-fotografic\/#primaryimage","url":"https:\/\/www.ktoproduccions.com\/cat\/wp-content\/uploads\/2025\/07\/cuadros_formato_lienzo.webp","contentUrl":"https:\/\/www.ktoproduccions.com\/cat\/wp-content\/uploads\/2025\/07\/cuadros_formato_lienzo.webp","width":1640,"height":656,"caption":"Digitalizaci\u00f3n y revelado de v\u00eddeos"},{"@type":"BreadcrumbList","@id":"https:\/\/www.ktoproduccions.com\/cat\/revelat-retoc-fotografic\/#breadcrumb","itemListElement":[{"@type":"ListItem","position":1,"name":"Portada","item":"https:\/\/www.ktoproduccions.com\/cat\/"},{"@type":"ListItem","position":2,"name":"Serveis Particulars"}]},{"@type":"WebSite","@id":"https:\/\/www.ktoproduccions.com\/cat\/#website","url":"https:\/\/www.ktoproduccions.com\/cat\/","name":"KTO Produccions","description":"Empresa audiovisual especializada en v\u00eddeos corporativos, eventos, edici\u00f3n digital y celebraciones","publisher":{"@id":"https:\/\/www.ktoproduccions.com\/cat\/#organization"},"alternateName":"KTO Produccions","potentialAction":[{"@type":"SearchAction","target":{"@type":"EntryPoint","urlTemplate":"https:\/\/www.ktoproduccions.com\/cat\/?s={search_term_string}"},"query-input":{"@type":"PropertyValueSpecification","valueRequired":true,"valueName":"search_term_string"}}],"inLanguage":"es"},{"@type":"Organization","@id":"https:\/\/www.ktoproduccions.com\/cat\/#organization","name":"KTO Produccions","url":"https:\/\/www.ktoproduccions.com\/cat\/","logo":{"@type":"ImageObject","inLanguage":"es","@id":"https:\/\/www.ktoproduccions.com\/cat\/#\/schema\/logo\/image\/","url":"https:\/\/www.ktoproduccions.com\/cat\/wp-content\/uploads\/2025\/07\/logoOK.png","contentUrl":"https:\/\/www.ktoproduccions.com\/cat\/wp-content\/uploads\/2025\/07\/logoOK.png","width":150,"height":60,"caption":"KTO Produccions"},"image":{"@id":"https:\/\/www.ktoproduccions.com\/cat\/#\/schema\/logo\/image\/"},"sameAs":["https:\/\/www.instagram.com\/ktofilms\/","http:\/\/vimeo.com\/user1135582"]}]}},"_links":{"self":[{"href":"https:\/\/www.ktoproduccions.com\/cat\/wp-json\/wp\/v2\/pages\/3483","targetHints":{"allow":["GET"]}}],"collection":[{"href":"https:\/\/www.ktoproduccions.com\/cat\/wp-json\/wp\/v2\/pages"}],"about":[{"href":"https:\/\/www.ktoproduccions.com\/cat\/wp-json\/wp\/v2\/types\/page"}],"author":[{"embeddable":true,"href":"https:\/\/www.ktoproduccions.com\/cat\/wp-json\/wp\/v2\/users\/1"}],"replies":[{"embeddable":true,"href":"https:\/\/www.ktoproduccions.com\/cat\/wp-json\/wp\/v2\/comments?post=3483"}],"version-history":[{"count":14,"href":"https:\/\/www.ktoproduccions.com\/cat\/wp-json\/wp\/v2\/pages\/3483\/revisions"}],"predecessor-version":[{"id":3975,"href":"https:\/\/www.ktoproduccions.com\/cat\/wp-json\/wp\/v2\/pages\/3483\/revisions\/3975"}],"wp:attachment":[{"href":"https:\/\/www.ktoproduccions.com\/cat\/wp-json\/wp\/v2\/media?parent=3483"}],"curies":[{"name":"wp","href":"https:\/\/api.w.org\/{rel}","templated":true}]}}